{"id":5574,"date":"2016-12-03T15:44:41","date_gmt":"2016-12-03T15:44:41","guid":{"rendered":"https:\/\/demo.wpzoom.com\/inspiro\/?page_id=5574"},"modified":"2026-01-26T13:04:02","modified_gmt":"2026-01-26T12:04:02","slug":"services","status":"publish","type":"page","link":"https:\/\/augustoborjas.com\/?page_id=5574","title":{"rendered":""},"content":{"rendered":"\n<div style=\"height:104px\" aria-hidden=\"true\" class=\"wp-block-spacer\"><\/div>\n\n\n\n<div id=\"services\" class=\"wp-block-group pattern_multiple_covers has-global-padding is-layout-constrained wp-container-core-group-is-layout-3a820303 wp-block-group-is-layout-constrained\" style=\"padding-right:var(--wp--preset--spacing--small);padding-left:var(--wp--preset--spacing--small)\">\n<h2 class=\"wp-block-heading has-text-align-left has-large-font-size\">Servicios<\/h2>\n\n\n\n<p class=\"has-text-align-left\">En un mundo de volatilidad digital, invertir en bienes ra\u00edces sigue siendo la base del patrimonio duradero. A diferencia de activos intangibles, un inmueble ofrece seguridad tangible, un flujo de ingresos estable y un valor que crece con el tiempo. Te guiamos para que tu capital no solo est\u00e9 seguro, sino que trabaje de forma inteligente y predecible. Descubre c\u00f3mo transformamos esta certeza en tu ventaja estrat\u00e9gica.<\/p>\n\n\n\n<p class=\"has-text-align-left\"><\/p>\n\n\n\n<div style=\"height:46px\" aria-hidden=\"true\" class=\"wp-block-spacer\"><\/div>\n\n\n\n<div class=\"wp-block-columns is-layout-flex wp-container-core-columns-is-layout-28f84493 wp-block-columns-is-layout-flex\">\n<div class=\"wp-block-column is-layout-flow wp-block-column-is-layout-flow\" style=\"padding-top:0;padding-right:0;padding-bottom:0;padding-left:0\">\n<div class=\"wp-block-cover has-custom-content-position is-position-bottom-left\" style=\"padding-top:var(--wp--preset--spacing--small);padding-right:var(--wp--preset--spacing--x-small);padding-bottom:var(--wp--preset--spacing--small);padding-left:var(--wp--preset--spacing--x-small);min-height:240px;aspect-ratio:unset;\"><img fetchpriority=\"high\" decoding=\"async\" width=\"683\" height=\"1024\" class=\"wp-block-cover__image-background wp-image-7011 size-large\" alt=\"\" src=\"https:\/\/augustoborjas.com\/wp-content\/uploads\/2026\/01\/pexels-ekaterina-bolovtsova-4050216-683x1024.jpg\" data-object-fit=\"cover\" srcset=\"https:\/\/augustoborjas.com\/wp-content\/uploads\/2026\/01\/pexels-ekaterina-bolovtsova-4050216-683x1024.jpg 683w, https:\/\/augustoborjas.com\/wp-content\/uploads\/2026\/01\/pexels-ekaterina-bolovtsova-4050216-200x300.jpg 200w, https:\/\/augustoborjas.com\/wp-content\/uploads\/2026\/01\/pexels-ekaterina-bolovtsova-4050216.jpg 1280w\" sizes=\"(max-width: 683px) 100vw, 683px\" \/><span aria-hidden=\"true\" class=\"wp-block-cover__background has-primary-background-color has-background-dim-30 has-background-dim\"><\/span><div class=\"wp-block-cover__inner-container is-layout-flow wp-block-cover-is-layout-flow\">\n<h3 class=\"wp-block-heading has-white-color has-text-color has-medium-font-size\" style=\"margin-top:0;margin-right:0;margin-bottom:0;margin-left:0\">B\u00fasqueda de Oportunidades<\/h3>\n\n\n\n<p class=\"has-white-color has-text-color has-link-color wp-elements-98545287b313503a6f681774c4adc12f\" style=\"margin-top:0;margin-right:0;margin-bottom:0;margin-left:0\"><a href=\"#\">Explore more \u2192<\/a><\/p>\n<\/div><\/div>\n<\/div>\n\n\n\n<div class=\"wp-block-column is-layout-flow wp-block-column-is-layout-flow\" style=\"padding-top:0;padding-right:0;padding-bottom:0;padding-left:0\">\n<p>Te ayudo a conseguir propiedades que realmente dejen utilidad bien sea para alquilar y obtener entre un 6 a 8% anual o para reformar y vender obteniendo un margen de hasta 25%. El servicio incluye: 1) encontrar las oportunidades y analizarlas, 2) visitar y comprobar el estado del inmueble, 3) revisar documentaci\u00f3n y negociar el precio para conseguir un descuento que te permita obtener la rentabilidad.<\/p>\n<\/div>\n<\/div>\n\n\n\n<hr class=\"wp-block-separator has-alpha-channel-opacity\"\/>\n\n\n\n<div class=\"wp-block-columns is-layout-flex wp-container-core-columns-is-layout-28f84493 wp-block-columns-is-layout-flex\">\n<div class=\"wp-block-column is-layout-flow wp-block-column-is-layout-flow\" style=\"padding-top:0;padding-right:0;padding-bottom:0;padding-left:0\">\n<div class=\"wp-block-cover is-light has-custom-content-position is-position-bottom-left\" style=\"padding-top:var(--wp--preset--spacing--small);padding-right:var(--wp--preset--spacing--x-small);padding-bottom:var(--wp--preset--spacing--small);padding-left:var(--wp--preset--spacing--x-small);min-height:243px;aspect-ratio:unset;\"><img decoding=\"async\" width=\"683\" height=\"1024\" class=\"wp-block-cover__image-background wp-image-7012 size-large\" alt=\"\" src=\"https:\/\/augustoborjas.com\/wp-content\/uploads\/2026\/01\/pexels-freestockpro-7599735-683x1024.jpg\" data-object-fit=\"cover\" srcset=\"https:\/\/augustoborjas.com\/wp-content\/uploads\/2026\/01\/pexels-freestockpro-7599735-683x1024.jpg 683w, https:\/\/augustoborjas.com\/wp-content\/uploads\/2026\/01\/pexels-freestockpro-7599735-200x300.jpg 200w, https:\/\/augustoborjas.com\/wp-content\/uploads\/2026\/01\/pexels-freestockpro-7599735.jpg 1280w\" sizes=\"(max-width: 683px) 100vw, 683px\" \/><span aria-hidden=\"true\" class=\"wp-block-cover__background has-primary-background-color has-background-dim-30 has-background-dim\"><\/span><div class=\"wp-block-cover__inner-container is-layout-flow wp-block-cover-is-layout-flow\">\n<h3 class=\"wp-block-heading has-white-color has-text-color has-medium-font-size\" style=\"margin-top:0;margin-right:0;margin-bottom:0;margin-left:0\">Llave en mano<\/h3>\n\n\n\n<p class=\"has-white-color has-text-color has-link-color wp-elements-98545287b313503a6f681774c4adc12f\" style=\"margin-top:0;margin-right:0;margin-bottom:0;margin-left:0\"><a href=\"#\">Explore more \u2192<\/a><\/p>\n<\/div><\/div>\n<\/div>\n\n\n\n<div class=\"wp-block-column is-layout-flow wp-block-column-is-layout-flow\" style=\"padding-top:0;padding-right:0;padding-bottom:0;padding-left:0\">\n<p>Te acompa\u00f1o en todo el proceso desde la b\u00fasqueda y an\u00e1lisis de la oportunidad hasta la firma, compra y adecuaci\u00f3n o reforma bien sea para alquilar o vender encarg\u00e1ndome de hacer el trabajo por ti y solo tengas que ocuparte de vender o alquilar la propiedad.<\/p>\n<\/div>\n<\/div>\n\n\n\n<hr class=\"wp-block-separator has-alpha-channel-opacity\"\/>\n\n\n\n<div class=\"wp-block-columns is-layout-flex wp-container-core-columns-is-layout-28f84493 wp-block-columns-is-layout-flex\">\n<div class=\"wp-block-column is-layout-flow wp-block-column-is-layout-flow\" style=\"padding-top:0;padding-right:0;padding-bottom:0;padding-left:0\">\n<div class=\"wp-block-cover has-custom-content-position is-position-bottom-left\" style=\"padding-top:var(--wp--preset--spacing--small);padding-right:var(--wp--preset--spacing--x-small);padding-bottom:var(--wp--preset--spacing--small);padding-left:var(--wp--preset--spacing--x-small);min-height:241px;aspect-ratio:unset;\"><img decoding=\"async\" width=\"683\" height=\"1024\" class=\"wp-block-cover__image-background wp-image-7013 size-large\" alt=\"\" src=\"https:\/\/augustoborjas.com\/wp-content\/uploads\/2026\/01\/pexels-thirdman-8482819-683x1024.jpg\" data-object-fit=\"cover\" srcset=\"https:\/\/augustoborjas.com\/wp-content\/uploads\/2026\/01\/pexels-thirdman-8482819-683x1024.jpg 683w, https:\/\/augustoborjas.com\/wp-content\/uploads\/2026\/01\/pexels-thirdman-8482819-200x300.jpg 200w, https:\/\/augustoborjas.com\/wp-content\/uploads\/2026\/01\/pexels-thirdman-8482819.jpg 1280w\" sizes=\"(max-width: 683px) 100vw, 683px\" \/><span aria-hidden=\"true\" class=\"wp-block-cover__background has-primary-background-color has-background-dim-30 has-background-dim\"><\/span><div class=\"wp-block-cover__inner-container is-layout-flow wp-block-cover-is-layout-flow\">\n<h3 class=\"wp-block-heading has-white-color has-text-color has-medium-font-size\" style=\"margin-top:0;margin-right:0;margin-bottom:0;margin-left:0\">Gesti\u00f3n 360<\/h3>\n\n\n\n<p class=\"has-white-color has-text-color has-link-color wp-elements-98545287b313503a6f681774c4adc12f\" style=\"margin-top:0;margin-right:0;margin-bottom:0;margin-left:0\"><a href=\"#\">Explore more \u2192<\/a><\/p>\n<\/div><\/div>\n<\/div>\n\n\n\n<div class=\"wp-block-column is-layout-flow wp-block-column-is-layout-flow\" style=\"padding-top:0;padding-right:0;padding-bottom:0;padding-left:0\">\n<p>Si solo quieres invertir tu dinero y no involucrarte en el proceso este modelo es para ti. Aqu\u00ed me ocupo de todo el trabajo, desde la b\u00fasqueda, an\u00e1lisis, adecuaci\u00f3n y reforma hasta la publicaci\u00f3n y venta o alquiler del inmueble. Como garant\u00eda tendr\u00e1s la titularidad de la propiedad desde el principio de la operaci\u00f3n y recibir\u00e1s tu dinero invertido m\u00e1s las utilidades.<\/p>\n<\/div>\n<\/div>\n\n\n\n<div style=\"height:7px\" aria-hidden=\"true\" class=\"wp-block-spacer\"><\/div>\n<\/div>\n\n\n\n<div class=\"wp-block-group alignfull has-white-background-color has-background has-global-padding is-layout-constrained wp-container-core-group-is-layout-93707e3a wp-block-group-is-layout-constrained\" id=\"reel\" style=\"margin-top:0px;margin-bottom:0px\">\n<div style=\"height:24px\" aria-hidden=\"true\" class=\"wp-block-spacer\"><\/div>\n<\/div>\n\n\n\n<div style=\"height:42px\" aria-hidden=\"true\" class=\"wp-block-spacer\"><\/div>\n\n\n\n<div class=\"wp-block-group has-global-padding is-layout-constrained wp-container-core-group-is-layout-3a820303 wp-block-group-is-layout-constrained\" style=\"padding-right:var(--wp--preset--spacing--small);padding-left:var(--wp--preset--spacing--small)\">\n<div style=\"height:100px\" aria-hidden=\"true\" class=\"wp-block-spacer\"><\/div>\n<\/div>\n\n\n\n<div style=\"height:0px\" aria-hidden=\"true\" class=\"wp-block-spacer\"><\/div>\n\n\n\n<p><\/p>\n","protected":false},"excerpt":{"rendered":"<p>Servicios En un mundo de volatilidad digital, invertir en bienes ra\u00edces sigue siendo la base del patrimonio duradero. A diferencia de activos intangibles, un inmueble ofrece seguridad tangible, un flujo de ingresos estable y un valor que crece con el tiempo. Te guiamos para que tu capital no solo est\u00e9 seguro, sino que trabaje de &hellip; <\/p>\n<p class=\"link-more\"><a href=\"https:\/\/augustoborjas.com\/?page_id=5574\" class=\"more-link\">Leer m\u00e1s<span class=\"screen-reader-text\"> \u00ab\u00bb<\/span><\/a><\/p>\n","protected":false},"author":1,"featured_media":0,"parent":0,"menu_order":0,"comment_status":"closed","ping_status":"closed","template":"page-templates\/full-width-transparent.php","meta":{"footnotes":""},"class_list":["post-5574","page","type-page","status-publish","hentry"],"featured_media_urls":[],"_links":{"self":[{"href":"https:\/\/augustoborjas.com\/index.php?rest_route=\/wp\/v2\/pages\/5574","targetHints":{"allow":["GET"]}}],"collection":[{"href":"https:\/\/augustoborjas.com\/index.php?rest_route=\/wp\/v2\/pages"}],"about":[{"href":"https:\/\/augustoborjas.com\/index.php?rest_route=\/wp\/v2\/types\/page"}],"author":[{"embeddable":true,"href":"https:\/\/augustoborjas.com\/index.php?rest_route=\/wp\/v2\/users\/1"}],"replies":[{"embeddable":true,"href":"https:\/\/augustoborjas.com\/index.php?rest_route=%2Fwp%2Fv2%2Fcomments&post=5574"}],"version-history":[{"count":22,"href":"https:\/\/augustoborjas.com\/index.php?rest_route=\/wp\/v2\/pages\/5574\/revisions"}],"predecessor-version":[{"id":7645,"href":"https:\/\/augustoborjas.com\/index.php?rest_route=\/wp\/v2\/pages\/5574\/revisions\/7645"}],"wp:attachment":[{"href":"https:\/\/augustoborjas.com\/index.php?rest_route=%2Fwp%2Fv2%2Fmedia&parent=5574"}],"curies":[{"name":"wp","href":"https:\/\/api.w.org\/{rel}","templated":true}]}}