{"id":628,"date":"2009-05-06T11:43:24","date_gmt":"2009-05-06T16:43:24","guid":{"rendered":"http:\/\/wpzoom.com\/zenko\/demo\/?page_id=3"},"modified":"2026-01-26T13:06:23","modified_gmt":"2026-01-26T12:06:23","slug":"contact","status":"publish","type":"page","link":"https:\/\/augustoborjas.com\/?page_id=628","title":{"rendered":""},"content":{"rendered":"\n<div style=\"height:20px\" aria-hidden=\"true\" class=\"wp-block-spacer\"><\/div>\n\n\n\n<div class=\"wp-block-group has-global-padding is-layout-constrained wp-block-group-is-layout-constrained\">\n<div class=\"wp-block-columns are-vertically-aligned-top is-layout-flex wp-container-core-columns-is-layout-d7d455e7 wp-block-columns-is-layout-flex\" style=\"padding-top:0;padding-right:0;padding-bottom:0;padding-left:0\">\n<div class=\"wp-block-column is-vertically-aligned-top is-layout-flow wp-block-column-is-layout-flow\" style=\"padding-right:7%;flex-basis:50%\">\n<p class=\"has-text-color\" style=\"color:#0bb4aa\">Hablemos!<\/p>\n\n\n\n<h2 class=\"wp-block-heading has-large-font-size\">Listo para hacer tu pr\u00f3xima inversi\u00f3n?<\/h2>\n\n\n\n<p>Tu pr\u00f3xima inversi\u00f3n inmobiliaria segura comienza aqu\u00ed. Como tu personal Shopper especializado, me encargo de todo el proceso, desde la b\u00fasqueda hasta la gesti\u00f3n final.<\/p>\n\n\n\n<p>Tel\u00e9fono: +34 626 686 612<\/p>\n\n\n\n<p>Email: augustoborj@gmail.com<\/p>\n<\/div>\n\n\n\n<div class=\"wp-block-column is-vertically-aligned-top is-layout-flow wp-block-column-is-layout-flow\" style=\"flex-basis:50%\"><\/div>\n<\/div>\n\n\n\n<div style=\"height:55px\" aria-hidden=\"true\" class=\"wp-block-spacer\"><\/div>\n<\/div>\n","protected":false},"excerpt":{"rendered":"<p>Hablemos! Listo para hacer tu pr\u00f3xima inversi\u00f3n? Tu pr\u00f3xima inversi\u00f3n inmobiliaria segura comienza aqu\u00ed. Como tu personal Shopper especializado, me encargo de todo el proceso, desde la b\u00fasqueda hasta la gesti\u00f3n final. Tel\u00e9fono: +34 626 686 612 Email: augustoborj@gmail.com<\/p>\n","protected":false},"author":1,"featured_media":0,"parent":0,"menu_order":0,"comment_status":"closed","ping_status":"closed","template":"page-templates\/no-title.php","meta":{"footnotes":""},"class_list":["post-628","page","type-page","status-publish","hentry"],"featured_media_urls":[],"_links":{"self":[{"href":"https:\/\/augustoborjas.com\/index.php?rest_route=\/wp\/v2\/pages\/628","targetHints":{"allow":["GET"]}}],"collection":[{"href":"https:\/\/augustoborjas.com\/index.php?rest_route=\/wp\/v2\/pages"}],"about":[{"href":"https:\/\/augustoborjas.com\/index.php?rest_route=\/wp\/v2\/types\/page"}],"author":[{"embeddable":true,"href":"https:\/\/augustoborjas.com\/index.php?rest_route=\/wp\/v2\/users\/1"}],"replies":[{"embeddable":true,"href":"https:\/\/augustoborjas.com\/index.php?rest_route=%2Fwp%2Fv2%2Fcomments&post=628"}],"version-history":[{"count":5,"href":"https:\/\/augustoborjas.com\/index.php?rest_route=\/wp\/v2\/pages\/628\/revisions"}],"predecessor-version":[{"id":7647,"href":"https:\/\/augustoborjas.com\/index.php?rest_route=\/wp\/v2\/pages\/628\/revisions\/7647"}],"wp:attachment":[{"href":"https:\/\/augustoborjas.com\/index.php?rest_route=%2Fwp%2Fv2%2Fmedia&parent=628"}],"curies":[{"name":"wp","href":"https:\/\/api.w.org\/{rel}","templated":true}]}}