{"id":6922,"date":"2023-11-19T10:39:22","date_gmt":"2023-11-19T10:39:22","guid":{"rendered":"https:\/\/demo.wpzoom.com\/inspiro-lite-blocks-xml\/?page_id=6922"},"modified":"2026-01-26T14:00:59","modified_gmt":"2026-01-26T13:00:59","slug":"homepage","status":"publish","type":"page","link":"https:\/\/augustoborjas.com\/","title":{"rendered":"Homepage"},"content":{"rendered":"\n<div class=\"wp-block-cover alignfull is-light\" style=\"min-height:100vh;aspect-ratio:unset;\"><video class=\"wp-block-cover__video-background intrinsic-ignore\" autoplay muted loop playsinline src=\"https:\/\/augustoborjas.com\/wp-content\/uploads\/2026\/01\/inmueble_video-1.mp4\" data-object-fit=\"cover\"><\/video><span aria-hidden=\"true\" class=\"wp-block-cover__background has-background-dim-10 has-background-dim\" style=\"background-color:#FFF\"><\/span><div class=\"wp-block-cover__inner-container has-global-padding is-layout-constrained wp-block-cover-is-layout-constrained\">\n<h1 class=\"wp-block-heading has-text-align-center has-white-color has-text-color has-max-72-font-size\"><strong>Invierte en Bienes Ra\u00edces<\/strong><\/h1>\n\n\n\n<hr class=\"wp-block-separator has-text-color has-alpha-channel-opacity has-background is-style-default\" style=\"margin-top:var(--wp--preset--spacing--x-small);margin-bottom:var(--wp--preset--spacing--x-small);background-color:#ffffff47;color:#ffffff47\"\/>\n\n\n\n<div style=\"height:25px\" aria-hidden=\"true\" class=\"wp-block-spacer\"><\/div>\n\n\n\n<p class=\"has-text-align-center has-white-color has-text-color\" style=\"font-size:clamp(16.293px, 1.018rem + ((1vw - 3.2px) * 0.907), 25px);\">Asesor\u00eda estrat\u00e9gica para compra de inmuebles con fines de inversi\u00f3n.<\/p>\n\n\n\n<div class=\"wp-block-buttons is-content-justification-center is-layout-flex wp-container-core-buttons-is-layout-a89b3969 wp-block-buttons-is-layout-flex\">\n<div class=\"wp-block-button is-style-outline is-style-outline--1\"><a class=\"wp-block-button__link has-white-color has-text-color wp-element-button\" href=\"https:\/\/www.wpzoom.com\/themes\/inspiro\/\" style=\"border-radius:0px;font-style:normal;font-weight:600\">Solicitar una llamada \u2192<\/a><\/div>\n<\/div>\n<\/div><\/div>\n\n\n\n<div class=\"wp-block-group has-global-padding is-layout-constrained wp-container-core-group-is-layout-3a820303 wp-block-group-is-layout-constrained\" style=\"padding-right:var(--wp--preset--spacing--small);padding-left:var(--wp--preset--spacing--small)\">\n<div style=\"height:36px\" aria-hidden=\"true\" class=\"wp-block-spacer\"><\/div>\n\n\n\n<h2 class=\"wp-block-heading has-text-align-center\" style=\"font-size:clamp(18.959px, 1.185rem + ((1vw - 3.2px) * 1.15), 30px);letter-spacing:1px\">Inversi\u00f3n Inmobiliaria Sin Complicaciones<\/h2>\n\n\n\n<div style=\"height:24px\" aria-hidden=\"true\" class=\"wp-block-spacer\"><\/div>\n\n\n\n<p class=\"has-text-align-center\">\u00bfQuieres invertir tu capital en bienes ra\u00edces y obtener una rentabilidad, pero no sabes c\u00f3mo empezar o te falta tiempo? Has llegado al sitio ideal. Me dedico a ayudar a inversores a invertir en inmuebles rentables que le permitan generar ingresos mensuales y\/o invertir en proyectos que le permitan obtener hasta un 25% de utilidad.<\/p>\n\n\n\n<div style=\"height:57px\" aria-hidden=\"true\" class=\"wp-block-spacer\"><\/div>\n<\/div>\n\n\n\n<div class=\"wp-block-group alignfull pattern_multiple_covers has-background-background-color has-background has-global-padding is-layout-constrained wp-block-group-is-layout-constrained\" id=\"services\">\n<p class=\"has-text-align-left has-secondary-color has-text-color\" style=\"letter-spacing:1px\">\u00bfCOMO PUEDO AYUDARTE?<\/p>\n\n\n\n<h2 class=\"wp-block-heading has-text-align-left\">Asesor\u00eda, Acompa\u00f1amiento y Gesti\u00f3n total<\/h2>\n\n\n\n<p class=\"has-text-align-left\">Te ayudo a transformar tu capital en una inversi\u00f3n inmobiliaria rentable y sin complicaciones. Te ofrecemos un servicio integral de Personal Shopper: identificamos la propiedad ideal, gestionamos su compra, reforma y venta (con un rendimiento objetivo del 25%), o la convertimos en una fuente de ingreso estable (con un 6% anual). T\u00fa inviertes, nosotros hacemos el trabajo.<\/p>\n\n\n\n<div style=\"height:46px\" aria-hidden=\"true\" class=\"wp-block-spacer\"><\/div>\n\n\n\n<div class=\"wp-block-columns is-layout-flex wp-container-core-columns-is-layout-28f84493 wp-block-columns-is-layout-flex\">\n<div class=\"wp-block-column is-layout-flow wp-block-column-is-layout-flow\" style=\"padding-top:0;padding-right:0;padding-bottom:0;padding-left:0\">\n<div class=\"wp-block-cover has-custom-content-position is-position-bottom-left\" style=\"padding-top:var(--wp--preset--spacing--small);padding-right:var(--wp--preset--spacing--x-small);padding-bottom:var(--wp--preset--spacing--small);padding-left:var(--wp--preset--spacing--x-small)\"><img fetchpriority=\"high\" decoding=\"async\" width=\"1280\" height=\"1920\" class=\"wp-block-cover__image-background wp-image-7011 size-full\" alt=\"\" src=\"https:\/\/augustoborjas.com\/wp-content\/uploads\/2026\/01\/pexels-ekaterina-bolovtsova-4050216.jpg\" data-object-fit=\"cover\" srcset=\"https:\/\/augustoborjas.com\/wp-content\/uploads\/2026\/01\/pexels-ekaterina-bolovtsova-4050216.jpg 1280w, https:\/\/augustoborjas.com\/wp-content\/uploads\/2026\/01\/pexels-ekaterina-bolovtsova-4050216-200x300.jpg 200w, https:\/\/augustoborjas.com\/wp-content\/uploads\/2026\/01\/pexels-ekaterina-bolovtsova-4050216-683x1024.jpg 683w\" sizes=\"(max-width: 1280px) 100vw, 1280px\" \/><span aria-hidden=\"true\" class=\"wp-block-cover__background has-primary-background-color has-background-dim-30 has-background-dim\"><\/span><div class=\"wp-block-cover__inner-container is-layout-flow wp-block-cover-is-layout-flow\">\n<h3 class=\"wp-block-heading has-white-color has-text-color has-medium-font-size\" style=\"margin-top:0;margin-right:0;margin-bottom:0;margin-left:0\"><strong>B\u00fasqueda de Oportunidades<\/strong><\/h3>\n\n\n\n<p class=\"has-white-color has-text-color has-link-color wp-elements-e37045812f82694eb0dc533bdf77f0f9\" style=\"margin-top:0;margin-right:0;margin-bottom:0;margin-left:0\"><a href=\"https:\/\/augustoborjas.com\/?page_id=5574\">Ver m\u00e1s \u2192<\/a><\/p>\n<\/div><\/div>\n<\/div>\n\n\n\n<div class=\"wp-block-column is-layout-flow wp-block-column-is-layout-flow\" style=\"padding-top:0;padding-right:0;padding-bottom:0;padding-left:0\">\n<div class=\"wp-block-cover is-light has-custom-content-position is-position-bottom-left\" style=\"padding-top:var(--wp--preset--spacing--small);padding-right:var(--wp--preset--spacing--x-small);padding-bottom:var(--wp--preset--spacing--small);padding-left:var(--wp--preset--spacing--x-small)\"><img decoding=\"async\" width=\"1280\" height=\"1920\" class=\"wp-block-cover__image-background wp-image-7012 size-full\" alt=\"\" src=\"https:\/\/augustoborjas.com\/wp-content\/uploads\/2026\/01\/pexels-freestockpro-7599735.jpg\" data-object-fit=\"cover\" srcset=\"https:\/\/augustoborjas.com\/wp-content\/uploads\/2026\/01\/pexels-freestockpro-7599735.jpg 1280w, https:\/\/augustoborjas.com\/wp-content\/uploads\/2026\/01\/pexels-freestockpro-7599735-200x300.jpg 200w, https:\/\/augustoborjas.com\/wp-content\/uploads\/2026\/01\/pexels-freestockpro-7599735-683x1024.jpg 683w\" sizes=\"(max-width: 1280px) 100vw, 1280px\" \/><span aria-hidden=\"true\" class=\"wp-block-cover__background has-primary-background-color has-background-dim-30 has-background-dim\"><\/span><div class=\"wp-block-cover__inner-container is-layout-flow wp-block-cover-is-layout-flow\">\n<h3 class=\"wp-block-heading has-white-color has-text-color has-medium-font-size\" style=\"margin-top:0;margin-right:0;margin-bottom:0;margin-left:0\"><strong>Llave en mano<\/strong><\/h3>\n\n\n\n<p class=\"has-white-color has-text-color has-link-color wp-elements-e37045812f82694eb0dc533bdf77f0f9\" style=\"margin-top:0;margin-right:0;margin-bottom:0;margin-left:0\"><a href=\"https:\/\/augustoborjas.com\/?page_id=5574\">Ver m\u00e1s \u2192<\/a><\/p>\n<\/div><\/div>\n<\/div>\n\n\n\n<div class=\"wp-block-column is-layout-flow wp-block-column-is-layout-flow\" style=\"padding-top:0;padding-right:0;padding-bottom:0;padding-left:0\">\n<div class=\"wp-block-cover has-custom-content-position is-position-bottom-left\" style=\"padding-top:var(--wp--preset--spacing--small);padding-right:var(--wp--preset--spacing--x-small);padding-bottom:var(--wp--preset--spacing--small);padding-left:var(--wp--preset--spacing--x-small)\"><img decoding=\"async\" width=\"1280\" height=\"1920\" class=\"wp-block-cover__image-background wp-image-7013 size-full\" alt=\"\" src=\"https:\/\/augustoborjas.com\/wp-content\/uploads\/2026\/01\/pexels-thirdman-8482819.jpg\" data-object-fit=\"cover\" srcset=\"https:\/\/augustoborjas.com\/wp-content\/uploads\/2026\/01\/pexels-thirdman-8482819.jpg 1280w, https:\/\/augustoborjas.com\/wp-content\/uploads\/2026\/01\/pexels-thirdman-8482819-200x300.jpg 200w, https:\/\/augustoborjas.com\/wp-content\/uploads\/2026\/01\/pexels-thirdman-8482819-683x1024.jpg 683w\" sizes=\"(max-width: 1280px) 100vw, 1280px\" \/><span aria-hidden=\"true\" class=\"wp-block-cover__background has-primary-background-color has-background-dim-30 has-background-dim\"><\/span><div class=\"wp-block-cover__inner-container is-layout-flow wp-block-cover-is-layout-flow\">\n<h3 class=\"wp-block-heading has-white-color has-text-color has-medium-font-size\" style=\"margin-top:0;margin-right:0;margin-bottom:0;margin-left:0\"><strong>Gesti\u00f3n <\/strong>360<\/h3>\n\n\n\n<p class=\"has-white-color has-text-color has-link-color wp-elements-e37045812f82694eb0dc533bdf77f0f9\" style=\"margin-top:0;margin-right:0;margin-bottom:0;margin-left:0\"><a href=\"https:\/\/augustoborjas.com\/?page_id=5574\">Ver m\u00e1s \u2192<\/a><\/p>\n<\/div><\/div>\n<\/div>\n<\/div>\n\n\n\n<div style=\"height:59px\" aria-hidden=\"true\" class=\"wp-block-spacer\"><\/div>\n<\/div>\n\n\n\n<div class=\"wp-block-group alignfull has-global-padding is-layout-constrained wp-block-group-is-layout-constrained\">\n<div class=\"wp-block-group has-global-padding is-layout-constrained wp-block-group-is-layout-constrained\" style=\"padding-top:var(--wp--preset--spacing--small);padding-bottom:var(--wp--preset--spacing--small)\">\n<div style=\"height:16px\" aria-hidden=\"true\" class=\"wp-block-spacer\"><\/div>\n\n\n\n<div class=\"wp-block-columns is-layout-flex wp-container-core-columns-is-layout-c375d253 wp-block-columns-is-layout-flex\">\n<div class=\"wp-block-column is-vertically-aligned-center is-layout-flow wp-block-column-is-layout-flow\">\n<h2 class=\"wp-block-heading has-medium-font-size\" style=\"text-transform:uppercase\">PERSONAL SHOpPER<\/h2>\n\n\n\n<p>La b\u00fasqueda de inmuebles rentables para inversi\u00f3n puede ser un proceso largo y tedioso el cual requiere an\u00e1lisis, revisi\u00f3n legal y negociaci\u00f3n. Mi trabajo consiste en ayudarte a encontrar lo que buscas (siempre cuidando de tus intereses como inversor) de acuerdo a tus necesidades para que solo te ocupes de firmar la compra con acompa\u00f1amiento durante todo el proceso.<\/p>\n\n\n\n<div class=\"wp-block-buttons is-horizontal is-content-justification-left is-layout-flex wp-container-core-buttons-is-layout-20be11b6 wp-block-buttons-is-layout-flex\">\n<div class=\"wp-block-button is-style-outline is-style-outline--2\"><a class=\"wp-block-button__link wp-element-button\" href=\"#\" style=\"border-radius:0px;font-style:normal;font-weight:600\">VER M\u00c1S<\/a><\/div>\n<\/div>\n\n\n\n<p><\/p>\n<\/div>\n\n\n\n<div class=\"wp-block-column is-layout-flow wp-block-column-is-layout-flow\">\n<figure class=\"wp-block-image size-full\"><img loading=\"lazy\" decoding=\"async\" width=\"640\" height=\"427\" src=\"https:\/\/augustoborjas.com\/wp-content\/uploads\/2026\/01\/pexels-a-darmel-7641841.jpg\" alt=\"\" class=\"wp-image-7016\" srcset=\"https:\/\/augustoborjas.com\/wp-content\/uploads\/2026\/01\/pexels-a-darmel-7641841.jpg 640w, https:\/\/augustoborjas.com\/wp-content\/uploads\/2026\/01\/pexels-a-darmel-7641841-300x200.jpg 300w, https:\/\/augustoborjas.com\/wp-content\/uploads\/2026\/01\/pexels-a-darmel-7641841-600x400.jpg 600w\" sizes=\"(max-width: 640px) 100vw, 640px\" \/><\/figure>\n<\/div>\n<\/div>\n\n\n\n<div style=\"height:30px\" aria-hidden=\"true\" class=\"wp-block-spacer\"><\/div>\n<\/div>\n<\/div>\n\n\n\n<div class=\"wp-block-group alignfull has-background-background-color has-background has-global-padding is-layout-constrained wp-block-group-is-layout-constrained\">\n<div class=\"wp-block-group has-global-padding is-layout-constrained wp-block-group-is-layout-constrained\" style=\"padding-top:var(--wp--preset--spacing--small);padding-bottom:var(--wp--preset--spacing--small)\">\n<div style=\"height:15px\" aria-hidden=\"true\" class=\"wp-block-spacer\"><\/div>\n\n\n\n<div class=\"wp-block-columns are-vertically-aligned-center is-layout-flex wp-container-core-columns-is-layout-c375d253 wp-block-columns-is-layout-flex\">\n<div class=\"wp-block-column is-vertically-aligned-center is-layout-flow wp-block-column-is-layout-flow\">\n<figure class=\"wp-block-image size-large\"><img loading=\"lazy\" decoding=\"async\" width=\"1024\" height=\"683\" src=\"https:\/\/augustoborjas.com\/wp-content\/uploads\/2026\/01\/pexels-thirdman-8482649-1024x683.jpg\" alt=\"\" class=\"wp-image-7017\" srcset=\"https:\/\/augustoborjas.com\/wp-content\/uploads\/2026\/01\/pexels-thirdman-8482649-1024x683.jpg 1024w, https:\/\/augustoborjas.com\/wp-content\/uploads\/2026\/01\/pexels-thirdman-8482649-300x200.jpg 300w, https:\/\/augustoborjas.com\/wp-content\/uploads\/2026\/01\/pexels-thirdman-8482649-600x400.jpg 600w, https:\/\/augustoborjas.com\/wp-content\/uploads\/2026\/01\/pexels-thirdman-8482649-1200x800.jpg 1200w, https:\/\/augustoborjas.com\/wp-content\/uploads\/2026\/01\/pexels-thirdman-8482649.jpg 1279w\" sizes=\"(max-width: 1024px) 100vw, 1024px\" \/><\/figure>\n<\/div>\n\n\n\n<div class=\"wp-block-column is-vertically-aligned-center is-layout-flow wp-block-column-is-layout-flow\">\n<h2 class=\"wp-block-heading has-medium-font-size\" style=\"text-transform:uppercase\">HAGO EL TRABAJO POR TI<\/h2>\n\n\n\n<p>Tanto si buscas inmuebles que te generen un 6% anual a trav\u00e9s de pagos mensuales de alquiler como si buscas rendimientos del 25% a trav\u00e9s de participaciones en proyectos de House Flipping (compra, reforma y venta), en ambos casos me encargo de todo el proceso por ti con todas las garant\u00edas jur\u00eddicas que te aseguran una inversi\u00f3n libre de riesgos.<\/p>\n\n\n\n<div class=\"wp-block-buttons is-layout-flex wp-block-buttons-is-layout-flex\">\n<div class=\"wp-block-button is-style-outline is-style-outline--3\"><a class=\"wp-block-button__link wp-element-button\" href=\"#\" style=\"border-radius:0px;font-style:normal;font-weight:600\">VER M\u00c1S<\/a><\/div>\n<\/div>\n<\/div>\n<\/div>\n<\/div>\n<\/div>\n\n\n\n<div id=\"partners\" class=\"wp-block-group has-global-padding is-content-justification-center is-layout-constrained wp-container-core-group-is-layout-13013c98 wp-block-group-is-layout-constrained\" style=\"padding-right:var(--wp--preset--spacing--small);padding-left:var(--wp--preset--spacing--small)\">\n<div style=\"height:24px\" aria-hidden=\"true\" class=\"wp-block-spacer\"><\/div>\n<\/div>\n\n\n\n<div class=\"wp-block-cover alignfull has-parallax is-position-center-center\" style=\"border-radius:0px\"><div class=\"wp-block-cover__image-background wp-image-7034 size-large has-parallax\" style=\"background-position:50% 50%;background-image:url(https:\/\/augustoborjas.com\/wp-content\/uploads\/2026\/01\/pexels-pixabay-280222-1024x680.jpg)\"><\/div><span aria-hidden=\"true\" class=\"wp-block-cover__background has-black-background-color has-background-dim\"><\/span><div class=\"wp-block-cover__inner-container is-layout-flow wp-block-cover-is-layout-flow\">\n<div class=\"wp-block-group has-global-padding is-layout-constrained wp-block-group-is-layout-constrained\">\n<h3 class=\"wp-block-heading has-text-align-center has-text-color has-medium-font-size\" style=\"color:#fffffa;text-transform:uppercase\"><strong>Construye Patrimonio, Asegura tu Futuro<\/strong><\/h3>\n\n\n\n<div style=\"height:32px\" aria-hidden=\"true\" class=\"wp-block-spacer\"><\/div>\n\n\n\n<p class=\"has-text-align-center has-white-color has-text-color\">Mi metodolog\u00eda como&nbsp;<em>personal shopper<\/em> \/ gestor&nbsp;cubre cada etapa; an\u00e1lisis, compra, reforma y comercializaci\u00f3n con objetivos claros: un&nbsp;<strong>25%<\/strong>&nbsp;de retorno en&nbsp;<em>flip<\/em>&nbsp;o un&nbsp;<strong>6%<\/strong>&nbsp;anual en alquiler. La f\u00f3rmula existe, yo me encargo de ejecutarla.<\/p>\n\n\n\n<div style=\"height:31px\" aria-hidden=\"true\" class=\"wp-block-spacer\"><\/div>\n\n\n\n<div class=\"wp-block-buttons is-horizontal is-content-justification-center is-layout-flex wp-container-core-buttons-is-layout-03627597 wp-block-buttons-is-layout-flex\">\n<div class=\"wp-block-button is-style-outline is-style-outline--4\"><a class=\"wp-block-button__link has-white-color has-text-color wp-element-button\" href=\"https:\/\/augustoborjas.com\/?page_id=628\" style=\"border-radius:0px;font-style:normal;font-weight:600\">CONTACTO<\/a><\/div>\n<\/div>\n<\/div>\n<\/div><\/div>\n\n\n\n<p><\/p>\n","protected":false},"excerpt":{"rendered":"<p>Inversi\u00f3n Inmobiliaria Sin Complicaciones \u00bfQuieres invertir tu capital en bienes ra\u00edces y obtener una rentabilidad, pero no sabes c\u00f3mo empezar o te falta tiempo? Has llegado al sitio ideal. Me dedico a ayudar a inversores a invertir en inmuebles rentables que le permitan generar ingresos mensuales y\/o invertir en proyectos que le permitan obtener hasta &hellip; <\/p>\n<p class=\"link-more\"><a href=\"https:\/\/augustoborjas.com\/\" class=\"more-link\">Leer m\u00e1s<span class=\"screen-reader-text\"> \u00abHomepage\u00bb<\/span><\/a><\/p>\n","protected":false},"author":1,"featured_media":0,"parent":0,"menu_order":0,"comment_status":"closed","ping_status":"closed","template":"page-templates\/full-width-transparent.php","meta":{"footnotes":""},"class_list":["post-6922","page","type-page","status-publish","hentry"],"featured_media_urls":[],"_links":{"self":[{"href":"https:\/\/augustoborjas.com\/index.php?rest_route=\/wp\/v2\/pages\/6922","targetHints":{"allow":["GET"]}}],"collection":[{"href":"https:\/\/augustoborjas.com\/index.php?rest_route=\/wp\/v2\/pages"}],"about":[{"href":"https:\/\/augustoborjas.com\/index.php?rest_route=\/wp\/v2\/types\/page"}],"author":[{"embeddable":true,"href":"https:\/\/augustoborjas.com\/index.php?rest_route=\/wp\/v2\/users\/1"}],"replies":[{"embeddable":true,"href":"https:\/\/augustoborjas.com\/index.php?rest_route=%2Fwp%2Fv2%2Fcomments&post=6922"}],"version-history":[{"count":80,"href":"https:\/\/augustoborjas.com\/index.php?rest_route=\/wp\/v2\/pages\/6922\/revisions"}],"predecessor-version":[{"id":7660,"href":"https:\/\/augustoborjas.com\/index.php?rest_route=\/wp\/v2\/pages\/6922\/revisions\/7660"}],"wp:attachment":[{"href":"https:\/\/augustoborjas.com\/index.php?rest_route=%2Fwp%2Fv2%2Fmedia&parent=6922"}],"curies":[{"name":"wp","href":"https:\/\/api.w.org\/{rel}","templated":true}]}}