{"id":7752,"date":"2026-03-08T14:00:43","date_gmt":"2026-03-08T13:00:43","guid":{"rendered":"https:\/\/augustoborjas.com\/?page_id=7752"},"modified":"2026-03-10T13:44:11","modified_gmt":"2026-03-10T12:44:11","slug":"angel-del-alcazar-5-talavera-de-la-reina","status":"publish","type":"page","link":"https:\/\/augustoborjas.com\/?page_id=7752","title":{"rendered":"Calle \u00c1ngel del Alc\u00e1zar 5, Talavera"},"content":{"rendered":"\t\t<div data-elementor-type=\"wp-page\" data-elementor-id=\"7752\" class=\"elementor elementor-7752\">\n\t\t\t\t<div class=\"elementor-element elementor-element-7ca6ba3 e-flex e-con-boxed e-con e-parent\" data-id=\"7ca6ba3\" data-element_type=\"container\">\n\t\t\t\t\t<div class=\"e-con-inner\">\n\t\t<div class=\"elementor-element elementor-element-ae831cb e-con-full e-flex e-con e-child\" data-id=\"ae831cb\" data-element_type=\"container\">\n\t\t\t\t<div class=\"elementor-element elementor-element-a476970 elementor-arrows-position-inside elementor-pagination-position-outside elementor-widget elementor-widget-image-carousel\" data-id=\"a476970\" data-element_type=\"widget\" data-settings=\"{&quot;slides_to_show&quot;:&quot;1&quot;,&quot;navigation&quot;:&quot;both&quot;,&quot;autoplay&quot;:&quot;yes&quot;,&quot;pause_on_hover&quot;:&quot;yes&quot;,&quot;pause_on_interaction&quot;:&quot;yes&quot;,&quot;autoplay_speed&quot;:5000,&quot;infinite&quot;:&quot;yes&quot;,&quot;effect&quot;:&quot;slide&quot;,&quot;speed&quot;:500}\" data-widget_type=\"image-carousel.default\">\n\t\t\t\t\t\t\t<div class=\"elementor-image-carousel-wrapper swiper\" role=\"region\" aria-roledescription=\"carousel\" aria-label=\"Carrusel de im\u00e1genes\" dir=\"ltr\">\n\t\t\t<div class=\"elementor-image-carousel swiper-wrapper\" aria-live=\"off\">\n\t\t\t\t\t\t\t\t<div class=\"swiper-slide\" role=\"group\" aria-roledescription=\"slide\" aria-label=\"1 de 13\"><figure class=\"swiper-slide-inner\"><img decoding=\"async\" class=\"swiper-slide-image\" src=\"https:\/\/augustoborjas.com\/wp-content\/uploads\/2026\/03\/0-scaled.jpg\" alt=\"default\" \/><\/figure><\/div><div class=\"swiper-slide\" role=\"group\" aria-roledescription=\"slide\" aria-label=\"2 de 13\"><figure class=\"swiper-slide-inner\"><img decoding=\"async\" class=\"swiper-slide-image\" src=\"https:\/\/augustoborjas.com\/wp-content\/uploads\/2026\/03\/1-1.jpeg\" alt=\"1\" \/><\/figure><\/div><div class=\"swiper-slide\" role=\"group\" aria-roledescription=\"slide\" aria-label=\"3 de 13\"><figure class=\"swiper-slide-inner\"><img decoding=\"async\" class=\"swiper-slide-image\" src=\"https:\/\/augustoborjas.com\/wp-content\/uploads\/2026\/03\/2.jpeg\" alt=\"2\" \/><\/figure><\/div><div class=\"swiper-slide\" role=\"group\" aria-roledescription=\"slide\" aria-label=\"4 de 13\"><figure class=\"swiper-slide-inner\"><img decoding=\"async\" class=\"swiper-slide-image\" src=\"https:\/\/augustoborjas.com\/wp-content\/uploads\/2026\/03\/3.jpeg\" alt=\"3\" \/><\/figure><\/div><div class=\"swiper-slide\" role=\"group\" aria-roledescription=\"slide\" aria-label=\"5 de 13\"><figure class=\"swiper-slide-inner\"><img decoding=\"async\" class=\"swiper-slide-image\" src=\"https:\/\/augustoborjas.com\/wp-content\/uploads\/2026\/03\/4.jpeg\" alt=\"4\" \/><\/figure><\/div><div class=\"swiper-slide\" role=\"group\" aria-roledescription=\"slide\" aria-label=\"6 de 13\"><figure class=\"swiper-slide-inner\"><img decoding=\"async\" class=\"swiper-slide-image\" src=\"https:\/\/augustoborjas.com\/wp-content\/uploads\/2026\/03\/5.jpeg\" alt=\"5\" \/><\/figure><\/div><div class=\"swiper-slide\" role=\"group\" aria-roledescription=\"slide\" aria-label=\"7 de 13\"><figure class=\"swiper-slide-inner\"><img decoding=\"async\" class=\"swiper-slide-image\" src=\"https:\/\/augustoborjas.com\/wp-content\/uploads\/2026\/03\/6.jpeg\" alt=\"6\" \/><\/figure><\/div><div class=\"swiper-slide\" role=\"group\" aria-roledescription=\"slide\" aria-label=\"8 de 13\"><figure class=\"swiper-slide-inner\"><img decoding=\"async\" class=\"swiper-slide-image\" src=\"https:\/\/augustoborjas.com\/wp-content\/uploads\/2026\/03\/7.jpeg\" alt=\"7\" \/><\/figure><\/div><div class=\"swiper-slide\" role=\"group\" aria-roledescription=\"slide\" aria-label=\"9 de 13\"><figure class=\"swiper-slide-inner\"><img decoding=\"async\" class=\"swiper-slide-image\" src=\"https:\/\/augustoborjas.com\/wp-content\/uploads\/2026\/03\/8-1.jpeg\" alt=\"8\" \/><\/figure><\/div><div class=\"swiper-slide\" role=\"group\" aria-roledescription=\"slide\" aria-label=\"10 de 13\"><figure class=\"swiper-slide-inner\"><img decoding=\"async\" class=\"swiper-slide-image\" src=\"https:\/\/augustoborjas.com\/wp-content\/uploads\/2026\/03\/9-1-scaled.jpg\" alt=\"default\" \/><\/figure><\/div><div class=\"swiper-slide\" role=\"group\" aria-roledescription=\"slide\" aria-label=\"11 de 13\"><figure class=\"swiper-slide-inner\"><img decoding=\"async\" class=\"swiper-slide-image\" src=\"https:\/\/augustoborjas.com\/wp-content\/uploads\/2026\/03\/10-1-scaled.jpg\" alt=\"default\" \/><\/figure><\/div><div class=\"swiper-slide\" role=\"group\" aria-roledescription=\"slide\" aria-label=\"12 de 13\"><figure class=\"swiper-slide-inner\"><img decoding=\"async\" class=\"swiper-slide-image\" src=\"https:\/\/augustoborjas.com\/wp-content\/uploads\/2026\/03\/11-scaled.jpg\" alt=\"default\" \/><\/figure><\/div><div class=\"swiper-slide\" role=\"group\" aria-roledescription=\"slide\" aria-label=\"13 de 13\"><figure class=\"swiper-slide-inner\"><img decoding=\"async\" class=\"swiper-slide-image\" src=\"https:\/\/augustoborjas.com\/wp-content\/uploads\/2026\/03\/12-scaled.jpg\" alt=\"default\" \/><\/figure><\/div>\t\t\t<\/div>\n\t\t\t\t\t\t\t\t\t\t\t\t<div class=\"elementor-swiper-button elementor-swiper-button-prev\" role=\"button\" tabindex=\"0\">\n\t\t\t\t\t\t<svg aria-hidden=\"true\" class=\"e-font-icon-svg e-eicon-chevron-left\" viewBox=\"0 0 1000 1000\" xmlns=\"http:\/\/www.w3.org\/2000\/svg\"><path d=\"M646 125C629 125 613 133 604 142L308 442C296 454 292 471 292 487 292 504 296 521 308 533L604 854C617 867 629 875 646 875 663 875 679 871 692 858 704 846 713 829 713 812 713 796 708 779 692 767L438 487 692 225C700 217 708 204 708 187 708 171 704 154 692 142 675 129 663 125 646 125Z\"><\/path><\/svg>\t\t\t\t\t<\/div>\n\t\t\t\t\t<div class=\"elementor-swiper-button elementor-swiper-button-next\" role=\"button\" tabindex=\"0\">\n\t\t\t\t\t\t<svg aria-hidden=\"true\" class=\"e-font-icon-svg e-eicon-chevron-right\" viewBox=\"0 0 1000 1000\" xmlns=\"http:\/\/www.w3.org\/2000\/svg\"><path d=\"M696 533C708 521 713 504 713 487 713 471 708 454 696 446L400 146C388 133 375 125 354 125 338 125 325 129 313 142 300 154 292 171 292 187 292 204 296 221 308 233L563 492 304 771C292 783 288 800 288 817 288 833 296 850 308 863 321 871 338 875 354 875 371 875 388 867 400 854L696 533Z\"><\/path><\/svg>\t\t\t\t\t<\/div>\n\t\t\t\t\n\t\t\t\t\t\t\t\t\t<div class=\"swiper-pagination\"><\/div>\n\t\t\t\t\t\t\t\t\t<\/div>\n\t\t\t\t\t\t<\/div>\n\t\t\t\t<\/div>\n\t\t<div class=\"elementor-element elementor-element-32d4ce0 e-con-full e-flex e-con e-child\" data-id=\"32d4ce0\" data-element_type=\"container\">\n\t\t<div class=\"elementor-element elementor-element-80f1105 e-grid e-con-full e-con e-child\" data-id=\"80f1105\" data-element_type=\"container\">\n\t\t\t\t<div class=\"elementor-element elementor-element-1baa47d elementor-widget elementor-widget-heading\" data-id=\"1baa47d\" data-element_type=\"widget\" data-widget_type=\"heading.default\">\n\t\t\t\t\t<h2 class=\"elementor-heading-title elementor-size-default\">Inversi\u00f3n: 114.500 \u20ac\u200b<\/h2>\t\t\t\t<\/div>\n\t\t\t\t<div class=\"elementor-element elementor-element-bda2844 elementor-widget elementor-widget-heading\" data-id=\"bda2844\" data-element_type=\"widget\" data-widget_type=\"heading.default\">\n\t\t\t\t\t<h2 class=\"elementor-heading-title elementor-size-default\">Renta: +700\u20ac\/mes \n<\/h2>\t\t\t\t<\/div>\n\t\t\t\t<\/div>\n\t\t\t\t<div class=\"elementor-element elementor-element-323d823 elementor-widget elementor-widget-heading\" data-id=\"323d823\" data-element_type=\"widget\" data-widget_type=\"heading.default\">\n\t\t\t\t\t<h2 class=\"elementor-heading-title elementor-size-default\">Calle \u00c1ngel del Alc\u00e1zar 5, Talavera la Reina<\/h2>\t\t\t\t<\/div>\n\t\t\t\t<div class=\"elementor-element elementor-element-c84d583 elementor-widget elementor-widget-text-editor\" data-id=\"c84d583\" data-element_type=\"widget\" data-widget_type=\"text-editor.default\">\n\t\t\t\t\t\t\t\t\t<p>Piso interior en una excelente ubicaci\u00f3n de las mejores de Talavera por su comodidad y cercan\u00eda a todo. El piso requiere cambiar suelo y puertas interiores. Tambi\u00e9n requiere mobiliario y electrodom\u00e9sticos. (Todos los gastos est\u00e1n incluidos en el calculo y precio de publicaci\u00f3n).\u00a0<\/p><p>Se trata de un 2do nivel sin ascensor.<\/p><p>Tipo de operaci\u00f3n: CRA (compra, reforma y alquiler)<\/p><p><strong>Rentabilidad: entre 6% y 6.5% anual<\/strong><\/p>\t\t\t\t\t\t\t\t<\/div>\n\t\t\t\t<\/div>\n\t\t\t\t\t<\/div>\n\t\t\t\t<\/div>\n\t\t<div class=\"elementor-element elementor-element-1684d9f e-flex e-con-boxed e-con e-parent\" data-id=\"1684d9f\" data-element_type=\"container\">\n\t\t\t\t\t<div class=\"e-con-inner\">\n\t\t<div class=\"elementor-element elementor-element-72ab3d9 e-con-full e-flex e-con e-child\" data-id=\"72ab3d9\" data-element_type=\"container\">\n\t\t\t\t<div class=\"elementor-element elementor-element-24508b8 elementor-widget elementor-widget-video\" data-id=\"24508b8\" data-element_type=\"widget\" data-settings=\"{&quot;video_type&quot;:&quot;hosted&quot;,&quot;controls&quot;:&quot;yes&quot;}\" data-widget_type=\"video.default\">\n\t\t\t\t\t\t\t<div class=\"e-hosted-video elementor-wrapper elementor-open-inline\">\n\t\t\t\t\t<video class=\"elementor-video\" src=\"https:\/\/augustoborjas.com\/wp-content\/uploads\/2026\/03\/video_piso-2.mp4\" controls=\"\" preload=\"metadata\" controlsList=\"nodownload\"><\/video>\n\t\t\t\t<\/div>\n\t\t\t\t\t\t<\/div>\n\t\t\t\t<div class=\"elementor-element elementor-element-60f9c8a elementor-widget elementor-widget-video\" data-id=\"60f9c8a\" data-element_type=\"widget\" data-settings=\"{&quot;video_type&quot;:&quot;hosted&quot;,&quot;controls&quot;:&quot;yes&quot;}\" data-widget_type=\"video.default\">\n\t\t\t\t\t\t\t<div class=\"e-hosted-video elementor-wrapper elementor-open-inline\">\n\t\t\t\t\t<video class=\"elementor-video\" src=\"https:\/\/augustoborjas.com\/wp-content\/uploads\/2026\/03\/video_comunidad-3.mp4\" controls=\"\" preload=\"metadata\" controlsList=\"nodownload\"><\/video>\n\t\t\t\t<\/div>\n\t\t\t\t\t\t<\/div>\n\t\t<div class=\"elementor-element elementor-element-99b5f30 e-con-full e-flex e-con e-child\" data-id=\"99b5f30\" data-element_type=\"container\">\n\t\t\t\t<div class=\"elementor-element elementor-element-1f095ad elementor-widget elementor-widget-video\" data-id=\"1f095ad\" data-element_type=\"widget\" data-settings=\"{&quot;video_type&quot;:&quot;hosted&quot;,&quot;controls&quot;:&quot;yes&quot;}\" data-widget_type=\"video.default\">\n\t\t\t\t\t\t\t<div class=\"e-hosted-video elementor-wrapper elementor-open-inline\">\n\t\t\t\t\t<video class=\"elementor-video\" src=\"https:\/\/augustoborjas.com\/wp-content\/uploads\/2026\/03\/video_calle-3.mp4\" controls=\"\" preload=\"metadata\" controlsList=\"nodownload\"><\/video>\n\t\t\t\t<\/div>\n\t\t\t\t\t\t<\/div>\n\t\t\t\t<\/div>\n\t\t\t\t<\/div>\n\t\t<div class=\"elementor-element elementor-element-6d78abc e-con-full e-flex e-con e-child\" data-id=\"6d78abc\" data-element_type=\"container\">\n\t\t\t\t<div class=\"elementor-element elementor-element-eb360c0 elementor-widget elementor-widget-text-editor\" data-id=\"eb360c0\" data-element_type=\"widget\" data-widget_type=\"text-editor.default\">\n\t\t\t\t\t\t\t\t\t<p><strong>Caracter\u00edsticas<\/strong><\/p><p>Superficie: 65 m2<\/p><p>Habitaciones: 3<\/p><p>Ba\u00f1os: 1<\/p><p>Planta: 2<\/p><p>Ascensor: No<\/p><p>Orientaci\u00f3n: Interior<\/p><p>Terraza: No<\/p><p>Parking\/Trastero: No<\/p><p>A\u00f1o de construcci\u00f3n: 1958<\/p><p>ITE: Si<\/p>\t\t\t\t\t\t\t\t<\/div>\n\t\t\t\t<\/div>\n\t\t\t\t\t<\/div>\n\t\t\t\t<\/div>\n\t\t<div class=\"elementor-element elementor-element-5abb1f4 e-flex e-con-boxed e-con e-parent\" data-id=\"5abb1f4\" data-element_type=\"container\">\n\t\t\t\t\t<div class=\"e-con-inner\">\n\t\t<div class=\"elementor-element elementor-element-674cb51 e-con-full e-flex e-con e-child\" data-id=\"674cb51\" data-element_type=\"container\">\n\t\t\t\t<div class=\"elementor-element elementor-element-b9e2656 elementor-widget elementor-widget-text-editor\" data-id=\"b9e2656\" data-element_type=\"widget\" data-widget_type=\"text-editor.default\">\n\t\t\t\t\t\t\t\t\t<p><strong>Puntos a favor<\/strong><\/p>\t\t\t\t\t\t\t\t<\/div>\n\t\t\t\t<div class=\"elementor-element elementor-element-8a8bc93 elementor-widget elementor-widget-text-editor\" data-id=\"8a8bc93\" data-element_type=\"widget\" data-widget_type=\"text-editor.default\">\n\t\t\t\t\t\t\t\t\t<ul><li>Excelente ubicaci\u00f3n a escasos metros de la estaci\u00f3n de autobuses y el corte ingles as\u00ed como de la ic\u00f3nica Bas\u00edlica Nuestra Se\u00f1ora del Prado.<\/li><li>Requiere pocas adecuaciones.<\/li><li>ITE al d\u00eda, sin derramas.<\/li><\/ul>\t\t\t\t\t\t\t\t<\/div>\n\t\t\t\t<\/div>\n\t\t<div class=\"elementor-element elementor-element-cb064e7 e-con-full e-flex e-con e-child\" data-id=\"cb064e7\" data-element_type=\"container\">\n\t\t\t\t<div class=\"elementor-element elementor-element-b5c6f2b elementor-widget elementor-widget-text-editor\" data-id=\"b5c6f2b\" data-element_type=\"widget\" data-widget_type=\"text-editor.default\">\n\t\t\t\t\t\t\t\t\t<p><strong>Puntos en contra<\/strong><\/p>\t\t\t\t\t\t\t\t<\/div>\n\t\t\t\t<div class=\"elementor-element elementor-element-2dd88a9 elementor-widget elementor-widget-text-editor\" data-id=\"2dd88a9\" data-element_type=\"widget\" data-widget_type=\"text-editor.default\">\n\t\t\t\t\t\t\t\t\t<ul><li>No se encontraron puntos en contra.<\/li><\/ul>\t\t\t\t\t\t\t\t<\/div>\n\t\t\t\t<\/div>\n\t\t\t\t\t<\/div>\n\t\t\t\t<\/div>\n\t\t<div class=\"elementor-element elementor-element-8011702 e-flex e-con-boxed e-con e-parent\" data-id=\"8011702\" data-element_type=\"container\">\n\t\t\t\t\t<div class=\"e-con-inner\">\n\t\t\t\t<div class=\"elementor-element elementor-element-97da7ed elementor-align-center elementor-widget elementor-widget-button\" data-id=\"97da7ed\" data-element_type=\"widget\" data-widget_type=\"button.default\">\n\t\t\t\t\t\t\t\t\t\t<a class=\"elementor-button elementor-button-link elementor-size-sm\" href=\"https:\/\/docs.google.com\/spreadsheets\/d\/1rurgKUTdxMHR2VvaOK9FXt48luGGdg16\/edit?gid=1447861704#gid=1447861704\" target=\"_blank\">\n\t\t\t\t\t\t<span class=\"elementor-button-content-wrapper\">\n\t\t\t\t\t\t\t\t\t<span class=\"elementor-button-text\">Ver an\u00e1lisis Excel<\/span>\n\t\t\t\t\t<\/span>\n\t\t\t\t\t<\/a>\n\t\t\t\t\t\t\t\t<\/div>\n\t\t\t\t\t<\/div>\n\t\t\t\t<\/div>\n\t\t<div class=\"elementor-element elementor-element-75a0b16 e-flex e-con-boxed e-con e-parent\" data-id=\"75a0b16\" data-element_type=\"container\">\n\t\t\t\t\t<div class=\"e-con-inner\">\n\t\t\t\t<div class=\"elementor-element elementor-element-780c9bb elementor-widget elementor-widget-spacer\" data-id=\"780c9bb\" data-element_type=\"widget\" data-widget_type=\"spacer.default\">\n\t\t\t\t\t\t\t<div class=\"elementor-spacer\">\n\t\t\t<div class=\"elementor-spacer-inner\"><\/div>\n\t\t<\/div>\n\t\t\t\t\t\t<\/div>\n\t\t\t\t\t<\/div>\n\t\t\t\t<\/div>\n\t\t\t\t<\/div>\n\t\t","protected":false},"excerpt":{"rendered":"<p>Inversi\u00f3n: 114.500 \u20ac\u200b Renta: +700\u20ac\/mes Calle \u00c1ngel del Alc\u00e1zar 5, Talavera la Reina Piso interior en una excelente ubicaci\u00f3n de las mejores de Talavera por su comodidad y cercan\u00eda a todo. El piso requiere cambiar suelo y puertas interiores. Tambi\u00e9n requiere mobiliario y electrodom\u00e9sticos. (Todos los gastos est\u00e1n incluidos en el calculo y precio de &hellip; <\/p>\n<p class=\"link-more\"><a href=\"https:\/\/augustoborjas.com\/?page_id=7752\" class=\"more-link\">Leer m\u00e1s<span class=\"screen-reader-text\"> \u00abCalle \u00c1ngel del Alc\u00e1zar 5, Talavera\u00bb<\/span><\/a><\/p>\n","protected":false},"author":1,"featured_media":0,"parent":0,"menu_order":0,"comment_status":"closed","ping_status":"closed","template":"","meta":{"footnotes":""},"class_list":["post-7752","page","type-page","status-publish","hentry"],"featured_media_urls":[],"_links":{"self":[{"href":"https:\/\/augustoborjas.com\/index.php?rest_route=\/wp\/v2\/pages\/7752","targetHints":{"allow":["GET"]}}],"collection":[{"href":"https:\/\/augustoborjas.com\/index.php?rest_route=\/wp\/v2\/pages"}],"about":[{"href":"https:\/\/augustoborjas.com\/index.php?rest_route=\/wp\/v2\/types\/page"}],"author":[{"embeddable":true,"href":"https:\/\/augustoborjas.com\/index.php?rest_route=\/wp\/v2\/users\/1"}],"replies":[{"embeddable":true,"href":"https:\/\/augustoborjas.com\/index.php?rest_route=%2Fwp%2Fv2%2Fcomments&post=7752"}],"version-history":[{"count":13,"href":"https:\/\/augustoborjas.com\/index.php?rest_route=\/wp\/v2\/pages\/7752\/revisions"}],"predecessor-version":[{"id":7794,"href":"https:\/\/augustoborjas.com\/index.php?rest_route=\/wp\/v2\/pages\/7752\/revisions\/7794"}],"wp:attachment":[{"href":"https:\/\/augustoborjas.com\/index.php?rest_route=%2Fwp%2Fv2%2Fmedia&parent=7752"}],"curies":[{"name":"wp","href":"https:\/\/api.w.org\/{rel}","templated":true}]}}